{"id":1779,"date":"2019-03-26T13:41:38","date_gmt":"2019-03-26T11:41:38","guid":{"rendered":"https:\/\/rentosauna.fi\/product\/body-balm-400-ml\/"},"modified":"2024-11-28T14:34:39","modified_gmt":"2024-11-28T12:34:39","slug":"body-balm-400-ml","status":"publish","type":"product","link":"https:\/\/rentosauna.fi\/en\/product\/body-balm-400-ml\/","title":{"rendered":"Body Balm 400 ml"},"content":{"rendered":"<div class=\"fusion-fullwidth fullwidth-box fusion-builder-row-1 nonhundred-percent-fullwidth non-hundred-percent-height-scrolling\" style=\"--awb-border-radius-top-left:0px;--awb-border-radius-top-right:0px;--awb-border-radius-bottom-right:0px;--awb-border-radius-bottom-left:0px;--awb-flex-wrap:wrap;\" ><div class=\"fusion-builder-row fusion-row\"><div class=\"fusion-layout-column fusion_builder_column fusion-builder-column-0 fusion_builder_column_1_1 1_1 fusion-one-full fusion-column-first fusion-column-last\" style=\"--awb-bg-size:cover;--awb-margin-bottom:0px;\"><div class=\"fusion-column-wrapper fusion-flex-column-wrapper-legacy\"><div class=\"fusion-text fusion-text-1\"><p>Aqua, Cetyl Alcohol, Glyceryl Stearate, Glycerin, Ethylhexyl Palmitate, Isopropyl Palmitate, Ceteareth-20, Rubus Chamaemorus Fruit Extract, Butyrospermum Parkii Butter, Hydrogenated Coco-Glycerides, Sodium Hyaluronate, Allantoin, Parfum, Butylphenyl Methylpropional, Dimethicone, Phenoxyethanol, Ethylhexylglycerin, Sodium Benzoate, Potassium Sorbate, Lactic Acid.<\/p>\n<\/div><div class=\"fusion-clearfix\"><\/div><\/div><\/div><\/div><\/div>\n","protected":false},"excerpt":{"rendered":"<h4>Arctic Pine<\/h4>\n<p>A moisturising body balm for daily use. The light lotion is easy to apply, feels pleasant on the skin, and is absorbed quickly. The lotion contains cloudberry extract and hyaluronic acid, which care for and moisturise the skin. The fragrance contains young pine needles, resin and wood scents to entice the senses.<\/p>\n<p>Made in Finland.<\/p>\n<p class=\"tw-data-text tw-text-large tw-ta\" dir=\"ltr\" data-placeholder=\"K\u00e4\u00e4nn\u00f6s\"><span lang=\"en\" tabindex=\"0\"><strong>Me Naiset: BEST OF THE YEAR 2019<\/strong><br \/>\nMe Naiset -magazine has selected the best cosmetics of 2019.<br \/>\nRento Arctic Pine Body Balm is an award winner in the &#8220;skimp&#8221; <\/span><span lang=\"en\" tabindex=\"0\">section of skincare:<br \/>\n<em>&#8220;The fragrance of the Rento Arctic Pine Body Balm has a wonderful scent. The balm is quickly absorbed and has an excellent moisturizing effect.&#8221;<\/em><\/span><\/p>\n","protected":false},"featured_media":673,"template":"","meta":{"_acf_changed":false},"product_brand":[],"product_cat":[340,343],"product_tag":[466,485,483],"class_list":{"0":"post-1779","1":"product","2":"type-product","3":"status-publish","4":"has-post-thumbnail","6":"product_cat-cosmetics","7":"product_cat-skin-care","8":"product_tag-arctic-pine","9":"product_tag-avainlippu-en","10":"product_tag-design-form-finland-en","12":"first","13":"outofstock","14":"taxable","15":"shipping-taxable","16":"product-type-simple"},"acf":[],"_links":{"self":[{"href":"https:\/\/rentosauna.fi\/en\/wp-json\/wp\/v2\/product\/1779","targetHints":{"allow":["GET"]}}],"collection":[{"href":"https:\/\/rentosauna.fi\/en\/wp-json\/wp\/v2\/product"}],"about":[{"href":"https:\/\/rentosauna.fi\/en\/wp-json\/wp\/v2\/types\/product"}],"wp:featuredmedia":[{"embeddable":true,"href":"https:\/\/rentosauna.fi\/en\/wp-json\/wp\/v2\/media\/673"}],"wp:attachment":[{"href":"https:\/\/rentosauna.fi\/en\/wp-json\/wp\/v2\/media?parent=1779"}],"wp:term":[{"taxonomy":"product_brand","embeddable":true,"href":"https:\/\/rentosauna.fi\/en\/wp-json\/wp\/v2\/product_brand?post=1779"},{"taxonomy":"product_cat","embeddable":true,"href":"https:\/\/rentosauna.fi\/en\/wp-json\/wp\/v2\/product_cat?post=1779"},{"taxonomy":"product_tag","embeddable":true,"href":"https:\/\/rentosauna.fi\/en\/wp-json\/wp\/v2\/product_tag?post=1779"}],"curies":[{"name":"wp","href":"https:\/\/api.w.org\/{rel}","templated":true}]}}