{"id":1789,"date":"2019-03-26T13:41:58","date_gmt":"2019-03-27T08:14:24","guid":{"rendered":"https:\/\/rentosauna.fi\/product\/hand-wash-400-ml-2\/"},"modified":"2024-12-16T11:33:44","modified_gmt":"2024-12-16T09:33:44","slug":"hand-wash-400-ml-2","status":"publish","type":"product","link":"https:\/\/rentosauna.fi\/en\/product\/hand-wash-400-ml-2\/","title":{"rendered":"Blueberry hand wash 400 ml"},"content":{"rendered":"<div class=\"fusion-fullwidth fullwidth-box fusion-builder-row-1 nonhundred-percent-fullwidth non-hundred-percent-height-scrolling\" style=\"--awb-border-radius-top-left:0px;--awb-border-radius-top-right:0px;--awb-border-radius-bottom-right:0px;--awb-border-radius-bottom-left:0px;--awb-flex-wrap:wrap;\" ><div class=\"fusion-builder-row fusion-row\"><div class=\"fusion-layout-column fusion_builder_column fusion-builder-column-0 fusion_builder_column_1_1 1_1 fusion-one-full fusion-column-first fusion-column-last\" style=\"--awb-bg-size:cover;--awb-margin-bottom:0px;\"><div class=\"fusion-column-wrapper fusion-flex-column-wrapper-legacy\"><div class=\"fusion-text fusion-text-1\"><p>Aqua, Sodium Laureth Sulfate, Cocamidopropyl Betaine, PEG-150 Pentaerythrityl Tetrastearate, PEG-6 Caprylic\/Capric Glycerides, Coco-Glucoside, Glyceryl Oleate, Vaccinium Myrtillus Fruit Extract, Glycerin, Betaine, Allantoin, PEG-7 Glyceryl Cocoate, Aloe Barbadensis Leaf Juice, Polysorbate 20, Polyquaternium-7, Parfum, Phenoxyethanol, Benzyl Alcohol, Potassium Sorbate, Sodium Benzoate, Sorbic Acid, Tocopherol, Ethylhexylglycerin, Climbazole, Lactic Acid.<\/p>\n<\/div><div class=\"fusion-clearfix\"><\/div><\/div><\/div><\/div><\/div>\n","protected":false},"excerpt":{"rendered":"<h4>Blueberry<\/h4>\n<p>Hell\u00e4varainen ja raikastava k\u00e4sisaippua usein toistuvaan k\u00e4sien pesuun. Sis\u00e4lt\u00e4\u00e4 kosteuttavaa aloe veraa. Keve\u00e4 mets\u00e4mustikan tuoksu.  <\/p>\n<p>Made in Finland.<\/p>\n","protected":false},"featured_media":693,"template":"","meta":{"_acf_changed":false},"product_brand":[],"product_cat":[340,341],"product_tag":[485,483,813,504,811],"class_list":{"0":"post-1789","1":"product","2":"type-product","3":"status-publish","4":"has-post-thumbnail","6":"product_cat-cosmetics","7":"product_cat-washing-cosmetics","8":"product_tag-avainlippu-en","9":"product_tag-design-form-finland-en","10":"product_tag-hand-wash","11":"product_tag-mustikka-en","12":"product_tag-nestesaippua-en","14":"first","15":"outofstock","16":"taxable","17":"shipping-taxable","18":"product-type-simple"},"acf":[],"_links":{"self":[{"href":"https:\/\/rentosauna.fi\/en\/wp-json\/wp\/v2\/product\/1789","targetHints":{"allow":["GET"]}}],"collection":[{"href":"https:\/\/rentosauna.fi\/en\/wp-json\/wp\/v2\/product"}],"about":[{"href":"https:\/\/rentosauna.fi\/en\/wp-json\/wp\/v2\/types\/product"}],"wp:featuredmedia":[{"embeddable":true,"href":"https:\/\/rentosauna.fi\/en\/wp-json\/wp\/v2\/media\/693"}],"wp:attachment":[{"href":"https:\/\/rentosauna.fi\/en\/wp-json\/wp\/v2\/media?parent=1789"}],"wp:term":[{"taxonomy":"product_brand","embeddable":true,"href":"https:\/\/rentosauna.fi\/en\/wp-json\/wp\/v2\/product_brand?post=1789"},{"taxonomy":"product_cat","embeddable":true,"href":"https:\/\/rentosauna.fi\/en\/wp-json\/wp\/v2\/product_cat?post=1789"},{"taxonomy":"product_tag","embeddable":true,"href":"https:\/\/rentosauna.fi\/en\/wp-json\/wp\/v2\/product_tag?post=1789"}],"curies":[{"name":"wp","href":"https:\/\/api.w.org\/{rel}","templated":true}]}}