{"id":5617,"date":"2022-06-28T13:02:57","date_gmt":"2022-08-19T11:04:15","guid":{"rendered":"https:\/\/rentosauna.fi\/?post_type=product&#038;p=5617"},"modified":"2024-10-22T14:43:56","modified_gmt":"2024-10-22T12:43:56","slug":"laituri-wash-mitten","status":"publish","type":"product","link":"https:\/\/rentosauna.fi\/en\/product\/laituri-wash-mitten\/","title":{"rendered":"Laituri pesukinnas harmaa"},"content":{"rendered":"","protected":false},"excerpt":{"rendered":"<h4>grey<\/h4>\n<p>\u201dLaituri\u201d on jacquard-kudottu uutuuskuosi. Recycled surplus cotton of the textile industry has been used in the manufacture. Pesukintaat tehd\u00e4\u00e4n Laituri-laudeliinojen ylij\u00e4\u00e4m\u00e4kankaasta. Design by Anna S\u00e4teri.<\/p>\n","protected":false},"featured_media":5426,"template":"","meta":{"_acf_changed":false},"product_brand":[],"product_cat":[545,335],"product_tag":[483,806,565,563],"class_list":{"0":"post-5617","1":"product","2":"type-product","3":"status-publish","4":"has-post-thumbnail","6":"product_cat-other-textiles","7":"product_cat-textiles","8":"product_tag-design-form-finland-en","9":"product_tag-grey","10":"product_tag-laituri-en","11":"product_tag-responcible-choice-en","13":"first","14":"outofstock","15":"taxable","16":"shipping-taxable","17":"product-type-simple"},"acf":[],"_links":{"self":[{"href":"https:\/\/rentosauna.fi\/en\/wp-json\/wp\/v2\/product\/5617","targetHints":{"allow":["GET"]}}],"collection":[{"href":"https:\/\/rentosauna.fi\/en\/wp-json\/wp\/v2\/product"}],"about":[{"href":"https:\/\/rentosauna.fi\/en\/wp-json\/wp\/v2\/types\/product"}],"wp:featuredmedia":[{"embeddable":true,"href":"https:\/\/rentosauna.fi\/en\/wp-json\/wp\/v2\/media\/5426"}],"wp:attachment":[{"href":"https:\/\/rentosauna.fi\/en\/wp-json\/wp\/v2\/media?parent=5617"}],"wp:term":[{"taxonomy":"product_brand","embeddable":true,"href":"https:\/\/rentosauna.fi\/en\/wp-json\/wp\/v2\/product_brand?post=5617"},{"taxonomy":"product_cat","embeddable":true,"href":"https:\/\/rentosauna.fi\/en\/wp-json\/wp\/v2\/product_cat?post=5617"},{"taxonomy":"product_tag","embeddable":true,"href":"https:\/\/rentosauna.fi\/en\/wp-json\/wp\/v2\/product_tag?post=5617"}],"curies":[{"name":"wp","href":"https:\/\/api.w.org\/{rel}","templated":true}]}}