{"id":7657,"date":"2024-04-05T14:07:19","date_gmt":"2024-06-13T10:44:29","guid":{"rendered":"https:\/\/rentosauna.fi\/?post_type=product&#038;p=7657"},"modified":"2024-09-06T15:54:39","modified_gmt":"2024-09-06T13:54:39","slug":"suolasaippua-turve-50-g","status":"publish","type":"product","link":"https:\/\/rentosauna.fi\/en\/product\/suolasaippua-turve-50-g\/","title":{"rendered":"Peat saltsoap 50 g"},"content":{"rendered":"","protected":false},"excerpt":{"rendered":"<p>Luonnollinen ja hell\u00e4varainen, k\u00e4sin tehty turvesuolasaippua niin kasvojen kuin vartalon pesuun. Suolan desinfioivan vaikutuksen ansiosta saippua sopii paitsi puhdistamaan ep\u00e4puhtauksia, my\u00f6s poistamaan tehokkaasti hien hajua. Tuoksuttomana suolasaippua soveltuu hajusteyliherkille, eik\u00e4 se sis\u00e4ll\u00e4 allergisoivia ainesosia. Turve aktivoi verenkiertoa, syv\u00e4puhdistaa, yll\u00e4pit\u00e4\u00e4 ihon kosteustasapainoa sek\u00e4 tasapainottaa ihon toimintaa. Sopii erityisen hyvin herk\u00e4lle ja kuivalle iholle.<\/p>\n<p>Suolasaippuan ominaisuuksiin kuuluu kosteuden sitominen, eli se kosteuttaa ihoa tehokkaasti samalla kun suolan mineraalit parantavat ihon yleist\u00e4 hyvinvointia.<\/p>\n<p>Rento suolasaippua sis\u00e4lt\u00e4\u00e4 ainoastaan luonnon omia raaka-aineita eik\u00e4 yht\u00e4\u00e4n keinotekoisia v\u00e4riaineita, hajusteita taikka kemikaaleja. Saippuassa on tallella kylm\u00e4prosessimenetelm\u00e4ss\u00e4 luonnostaan saippuaan muodostuva glyseriini, jolla on ihoon kosteutta vet\u00e4v\u00e4 vaikutus. Suolasaippuassa on my\u00f6s ns. ylirasvoitusta, jolloin saippuoitumisprosessissa osa \u00f6ljyist\u00e4 j\u00e4\u00e4 saippuaan hellim\u00e4\u00e4n ja hoitamaan ihoa.<\/p>\n<p>Ei lis\u00e4ttyj\u00e4 tuoksuja. Vegaaninen ja 100 % biohajoava. Valmistettu Suomessa,<\/p>\n","protected":false},"featured_media":7652,"template":"","meta":{"_acf_changed":false},"product_brand":[],"product_cat":[340,341],"product_tag":[485,797,799,508,549],"class_list":{"0":"post-7657","1":"product","2":"type-product","3":"status-publish","4":"has-post-thumbnail","6":"product_cat-cosmetics","7":"product_cat-washing-cosmetics","8":"product_tag-avainlippu-en","9":"product_tag-palasaippua-en","10":"product_tag-suolasaippua-en","11":"product_tag-turve-en","12":"product_tag-vegan-en","14":"first","15":"instock","16":"taxable","17":"shipping-taxable","18":"product-type-simple"},"acf":[],"_links":{"self":[{"href":"https:\/\/rentosauna.fi\/en\/wp-json\/wp\/v2\/product\/7657","targetHints":{"allow":["GET"]}}],"collection":[{"href":"https:\/\/rentosauna.fi\/en\/wp-json\/wp\/v2\/product"}],"about":[{"href":"https:\/\/rentosauna.fi\/en\/wp-json\/wp\/v2\/types\/product"}],"wp:featuredmedia":[{"embeddable":true,"href":"https:\/\/rentosauna.fi\/en\/wp-json\/wp\/v2\/media\/7652"}],"wp:attachment":[{"href":"https:\/\/rentosauna.fi\/en\/wp-json\/wp\/v2\/media?parent=7657"}],"wp:term":[{"taxonomy":"product_brand","embeddable":true,"href":"https:\/\/rentosauna.fi\/en\/wp-json\/wp\/v2\/product_brand?post=7657"},{"taxonomy":"product_cat","embeddable":true,"href":"https:\/\/rentosauna.fi\/en\/wp-json\/wp\/v2\/product_cat?post=7657"},{"taxonomy":"product_tag","embeddable":true,"href":"https:\/\/rentosauna.fi\/en\/wp-json\/wp\/v2\/product_tag?post=7657"}],"curies":[{"name":"wp","href":"https:\/\/api.w.org\/{rel}","templated":true}]}}