{"id":7848,"date":"2024-09-09T12:40:04","date_gmt":"2024-09-09T10:40:04","guid":{"rendered":"https:\/\/rentosauna.fi\/?post_type=product&#038;p=7848"},"modified":"2024-09-09T12:40:04","modified_gmt":"2024-09-09T10:40:04","slug":"nestesaippua-lumpeenkukka-400-ml","status":"publish","type":"product","link":"https:\/\/rentosauna.fi\/en\/product\/nestesaippua-lumpeenkukka-400-ml\/","title":{"rendered":"Nestesaippua lumpeenkukka 400 ml"},"content":{"rendered":"","protected":false},"excerpt":{"rendered":"<p><strong>Lumpeenkukka<\/strong><\/p>\n<p>Hoitava nestesaippua k\u00e4sille. Sis\u00e4lt\u00e4\u00e4 ihoa pehment\u00e4v\u00e4\u00e4 glyseriini\u00e4 ja luonnosta saatavaa ruusunjuuriuutetta. Ruusunjuuriuute on tunnettu sen virkist\u00e4vist\u00e4 ja energisoivista ominaisuuksista ja ihonhoidossa sit\u00e4 k\u00e4ytet\u00e4\u00e4n antioksidanttina, joka torjuu vapaiden radikaalien syntymist\u00e4 ja n\u00e4in v\u00e4hent\u00e4\u00e4 hapettumisstressi\u00e4. Tuoksussa erottuu j\u00e4rvimaiseman lumpeenkukka ja luonnon vehreys.<\/p>\n","protected":false},"featured_media":7847,"template":"","meta":{"_acf_changed":false},"product_brand":[],"product_cat":[340,341],"product_tag":[485,483,811],"class_list":{"0":"post-7848","1":"product","2":"type-product","3":"status-publish","4":"has-post-thumbnail","6":"product_cat-cosmetics","7":"product_cat-washing-cosmetics","8":"product_tag-avainlippu-en","9":"product_tag-design-form-finland-en","10":"product_tag-nestesaippua-en","12":"first","13":"instock","14":"taxable","15":"shipping-taxable","16":"product-type-simple"},"acf":[],"_links":{"self":[{"href":"https:\/\/rentosauna.fi\/en\/wp-json\/wp\/v2\/product\/7848","targetHints":{"allow":["GET"]}}],"collection":[{"href":"https:\/\/rentosauna.fi\/en\/wp-json\/wp\/v2\/product"}],"about":[{"href":"https:\/\/rentosauna.fi\/en\/wp-json\/wp\/v2\/types\/product"}],"wp:featuredmedia":[{"embeddable":true,"href":"https:\/\/rentosauna.fi\/en\/wp-json\/wp\/v2\/media\/7847"}],"wp:attachment":[{"href":"https:\/\/rentosauna.fi\/en\/wp-json\/wp\/v2\/media?parent=7848"}],"wp:term":[{"taxonomy":"product_brand","embeddable":true,"href":"https:\/\/rentosauna.fi\/en\/wp-json\/wp\/v2\/product_brand?post=7848"},{"taxonomy":"product_cat","embeddable":true,"href":"https:\/\/rentosauna.fi\/en\/wp-json\/wp\/v2\/product_cat?post=7848"},{"taxonomy":"product_tag","embeddable":true,"href":"https:\/\/rentosauna.fi\/en\/wp-json\/wp\/v2\/product_tag?post=7848"}],"curies":[{"name":"wp","href":"https:\/\/api.w.org\/{rel}","templated":true}]}}